{"id":55,"date":"2026-02-11T10:46:27","date_gmt":"2026-02-11T10:46:27","guid":{"rendered":"https:\/\/gentleman-excellence.com\/index.php\/about-us\/"},"modified":"2026-02-13T17:52:33","modified_gmt":"2026-02-13T17:52:33","slug":"la-maison","status":"publish","type":"page","link":"https:\/\/gentleman-excellence.com\/index.php\/la-maison\/","title":{"rendered":"La Maison"},"content":{"rendered":"\t\t<div data-elementor-type=\"wp-page\" data-elementor-id=\"55\" class=\"elementor elementor-55\">\n\t\t\t\t\t\t<section class=\"elementor-section elementor-top-section elementor-element elementor-element-3c5c5e7 elementor-section-boxed elementor-section-height-default elementor-section-height-default wpr-particle-no wpr-jarallax-no wpr-parallax-no wpr-sticky-section-no\" data-id=\"3c5c5e7\" data-element_type=\"section\" data-e-type=\"section\" data-settings=\"{&quot;background_background&quot;:&quot;classic&quot;}\">\n\t\t\t\t\t\t\t<div class=\"elementor-background-overlay\"><\/div>\n\t\t\t\t\t\t\t<div class=\"elementor-container elementor-column-gap-no\">\n\t\t\t\t\t<div class=\"elementor-column elementor-col-100 elementor-top-column elementor-element elementor-element-d8a2a15 elementor-invisible\" data-id=\"d8a2a15\" data-element_type=\"column\" data-e-type=\"column\" data-settings=\"{&quot;animation&quot;:&quot;fadeIn&quot;}\">\n\t\t\t<div class=\"elementor-widget-wrap elementor-element-populated\">\n\t\t\t\t\t\t<div class=\"elementor-element elementor-element-1e09c5c elementor-widget elementor-widget-heading\" data-id=\"1e09c5c\" data-element_type=\"widget\" data-e-type=\"widget\" data-widget_type=\"heading.default\">\n\t\t\t\t\t<h2 class=\"elementor-heading-title elementor-size-default\">La maison<\/h2>\t\t\t\t<\/div>\n\t\t\t\t\t<\/div>\n\t\t<\/div>\n\t\t\t\t\t<\/div>\n\t\t<\/section>\n\t\t\t\t<section class=\"elementor-section elementor-top-section elementor-element elementor-element-ce2ffc0 elementor-section-content-middle elementor-section-boxed elementor-section-height-default elementor-section-height-default wpr-particle-no wpr-jarallax-no wpr-parallax-no wpr-sticky-section-no\" data-id=\"ce2ffc0\" data-element_type=\"section\" data-e-type=\"section\" data-settings=\"{&quot;background_background&quot;:&quot;classic&quot;}\">\n\t\t\t\t\t\t<div class=\"elementor-container elementor-column-gap-no\">\n\t\t\t\t\t<div class=\"elementor-column elementor-col-50 elementor-top-column elementor-element elementor-element-ded9c46 elementor-hidden-mobile elementor-invisible\" data-id=\"ded9c46\" data-element_type=\"column\" data-e-type=\"column\" data-settings=\"{&quot;animation&quot;:&quot;fadeInLeft&quot;}\">\n\t\t\t<div class=\"elementor-widget-wrap elementor-element-populated\">\n\t\t\t\t\t\t<div class=\"elementor-element elementor-element-b433214 elementor-widget elementor-widget-image\" data-id=\"b433214\" data-element_type=\"widget\" data-e-type=\"widget\" data-widget_type=\"image.default\">\n\t\t\t\t\t\t\t\t\t\t\t\t\t\t\t<img fetchpriority=\"high\" decoding=\"async\" width=\"800\" height=\"533\" src=\"https:\/\/gentleman-excellence.com\/wp-content\/uploads\/2026\/02\/Gentleman-excellence-boutons-de-manchettes-qualite-paris.jpg\" class=\"attachment-full size-full wp-image-175\" alt=\"\" srcset=\"https:\/\/gentleman-excellence.com\/wp-content\/uploads\/2026\/02\/Gentleman-excellence-boutons-de-manchettes-qualite-paris.jpg 800w, https:\/\/gentleman-excellence.com\/wp-content\/uploads\/2026\/02\/Gentleman-excellence-boutons-de-manchettes-qualite-paris-300x200.jpg 300w, https:\/\/gentleman-excellence.com\/wp-content\/uploads\/2026\/02\/Gentleman-excellence-boutons-de-manchettes-qualite-paris-768x512.jpg 768w\" sizes=\"(max-width: 800px) 100vw, 800px\" \/>\t\t\t\t\t\t\t\t\t\t\t\t\t\t\t<\/div>\n\t\t\t\t\t<\/div>\n\t\t<\/div>\n\t\t\t\t<div class=\"elementor-column elementor-col-50 elementor-top-column elementor-element elementor-element-85e44fd elementor-invisible\" data-id=\"85e44fd\" data-element_type=\"column\" data-e-type=\"column\" data-settings=\"{&quot;animation&quot;:&quot;fadeInRight&quot;}\">\n\t\t\t<div class=\"elementor-widget-wrap elementor-element-populated\">\n\t\t\t\t\t\t<section class=\"elementor-section elementor-inner-section elementor-element elementor-element-2bf6e63 elementor-section-boxed elementor-section-height-default elementor-section-height-default wpr-particle-no wpr-jarallax-no wpr-parallax-no wpr-sticky-section-no\" data-id=\"2bf6e63\" data-element_type=\"section\" data-e-type=\"section\">\n\t\t\t\t\t\t<div class=\"elementor-container elementor-column-gap-no\">\n\t\t\t\t\t<div class=\"elementor-column elementor-col-100 elementor-inner-column elementor-element elementor-element-8df802e\" data-id=\"8df802e\" data-element_type=\"column\" data-e-type=\"column\">\n\t\t\t<div class=\"elementor-widget-wrap elementor-element-populated\">\n\t\t\t\t\t\t<div class=\"elementor-element elementor-element-275de13 elementor-widget elementor-widget-text-editor\" data-id=\"275de13\" data-element_type=\"widget\" data-e-type=\"widget\" data-widget_type=\"text-editor.default\">\n\t\t\t\t\t\t\t\t\t<p style=\"font-weight: 400;\">\u00ab Une aventure de 2 femmes qui souhaitent proposer aux hommes des costumes de fabrication italienne d\u00e9sirable dans les coupes et confortables dans les mati\u00e8res \u00bb<\/p>\t\t\t\t\t\t\t\t<\/div>\n\t\t\t\t\t<\/div>\n\t\t<\/div>\n\t\t\t\t\t<\/div>\n\t\t<\/section>\n\t\t\t\t<div class=\"elementor-element elementor-element-4701477 elementor-widget elementor-widget-heading\" data-id=\"4701477\" data-element_type=\"widget\" data-e-type=\"widget\" data-widget_type=\"heading.default\">\n\t\t\t\t\t<h2 class=\"elementor-heading-title elementor-size-default\">Leur vision<\/h2>\t\t\t\t<\/div>\n\t\t\t\t<div class=\"elementor-element elementor-element-ff81d00 elementor-widget elementor-widget-text-editor\" data-id=\"ff81d00\" data-element_type=\"widget\" data-e-type=\"widget\" data-widget_type=\"text-editor.default\">\n\t\t\t\t\t\t\t\t\t<p>Un beau costume cr\u00e9e chez un Homme un m\u00e9lange unique de respect, de force et de raffinement\u2026<br \/><br \/>Ainsi, nos vestes et nos costumes sont taill\u00e9es pour \u00eatre une seconde peau qui lui apporteront confiance, d\u00e9termination et \u00e9l\u00e9gance au quotidien.<br \/><br \/>Enfin, nous habillons un gentleman qui est attach\u00e9 \u00e0 un style intemporel et \u00e9l\u00e9gant, dans les mati\u00e8res, les motifs et les couleurs des plus belles \u00e9toffes.<br \/><br \/>Plus qu\u2019une boutique, c\u2019est un club o\u00f9 on partage tant le plaisir du v\u00eatement que des valeurs de savoir-vivre et de convivialit\u00e9.<\/p>\t\t\t\t\t\t\t\t<\/div>\n\t\t\t\t\t<\/div>\n\t\t<\/div>\n\t\t\t\t\t<\/div>\n\t\t<\/section>\n\t\t\t\t<\/div>\n\t\t","protected":false},"excerpt":{"rendered":"<p>La maison \u00ab Une aventure de 2 femmes qui souhaitent proposer aux hommes des costumes de fabrication italienne d\u00e9sirable dans les coupes et confortables dans les mati\u00e8res \u00bb Leur vision Un beau costume cr\u00e9e chez un Homme un m\u00e9lange unique de respect, de force et de raffinement\u2026 Ainsi, nos vestes et nos costumes sont taill\u00e9es pour \u00eatre une seconde peau qui lui apporteront confiance, d\u00e9termination et \u00e9l\u00e9gance au quotidien. Enfin, nous habillons un gentleman qui est attach\u00e9 \u00e0 un style intemporel et \u00e9l\u00e9gant, dans les mati\u00e8res, les motifs et les couleurs des plus belles \u00e9toffes. Plus qu\u2019une boutique, c\u2019est un club o\u00f9 on partage tant le plaisir du v\u00eatement que des valeurs de savoir-vivre et de convivialit\u00e9.<\/p>\n","protected":false},"author":1,"featured_media":0,"parent":0,"menu_order":0,"comment_status":"closed","ping_status":"closed","template":"elementor_header_footer","meta":{"footnotes":""},"class_list":["post-55","page","type-page","status-publish","hentry"],"_links":{"self":[{"href":"https:\/\/gentleman-excellence.com\/index.php\/wp-json\/wp\/v2\/pages\/55","targetHints":{"allow":["GET"]}}],"collection":[{"href":"https:\/\/gentleman-excellence.com\/index.php\/wp-json\/wp\/v2\/pages"}],"about":[{"href":"https:\/\/gentleman-excellence.com\/index.php\/wp-json\/wp\/v2\/types\/page"}],"author":[{"embeddable":true,"href":"https:\/\/gentleman-excellence.com\/index.php\/wp-json\/wp\/v2\/users\/1"}],"replies":[{"embeddable":true,"href":"https:\/\/gentleman-excellence.com\/index.php\/wp-json\/wp\/v2\/comments?post=55"}],"version-history":[{"count":23,"href":"https:\/\/gentleman-excellence.com\/index.php\/wp-json\/wp\/v2\/pages\/55\/revisions"}],"predecessor-version":[{"id":192,"href":"https:\/\/gentleman-excellence.com\/index.php\/wp-json\/wp\/v2\/pages\/55\/revisions\/192"}],"wp:attachment":[{"href":"https:\/\/gentleman-excellence.com\/index.php\/wp-json\/wp\/v2\/media?parent=55"}],"curies":[{"name":"wp","href":"https:\/\/api.w.org\/{rel}","templated":true}]}}