{"id":214,"date":"2026-02-13T18:03:32","date_gmt":"2026-02-13T18:03:32","guid":{"rendered":"https:\/\/gentleman-excellence.com\/?page_id=214"},"modified":"2026-02-13T18:08:24","modified_gmt":"2026-02-13T18:08:24","slug":"mentions-legales","status":"publish","type":"page","link":"https:\/\/gentleman-excellence.com\/index.php\/mentions-legales\/","title":{"rendered":"Mentions l\u00e9gales"},"content":{"rendered":"\t\t<div data-elementor-type=\"wp-page\" data-elementor-id=\"214\" class=\"elementor elementor-214\">\n\t\t\t\t<div class=\"elementor-element elementor-element-9dc6eb6 e-flex e-con-boxed wpr-particle-no wpr-jarallax-no wpr-parallax-no wpr-sticky-section-no e-con e-parent\" data-id=\"9dc6eb6\" data-element_type=\"container\" data-e-type=\"container\" data-settings=\"{&quot;background_background&quot;:&quot;classic&quot;}\">\n\t\t\t\t\t<div class=\"e-con-inner\">\n\t\t\t\t<div class=\"elementor-element elementor-element-124720c9 elementor-widget elementor-widget-text-editor\" data-id=\"124720c9\" data-element_type=\"widget\" data-e-type=\"widget\" data-widget_type=\"text-editor.default\">\n\t\t\t\t\t\t\t\t\t<h2><b>Mentions l\u00e9gales<\/b><\/h2><h2><b>1. \u00c9diteur du site<\/b><\/h2><p class=\"p3\">Le pr\u00e9sent site est \u00e9dit\u00e9 par :<\/p><p class=\"p4\"><b>Gentleman Excellence<\/b><b><\/b><\/p><p class=\"p3\">Forme juridique : SARL Gentleman Excellence<\/p><p class=\"p3\">Capital social : 10 000\u20ac<\/p><p class=\"p3\">Si\u00e8ge social : 58 AVENUE THEOPHILE GAUTIER, 75016 PARIS<\/p><p class=\"p3\">Immatricul\u00e9e au RCS de Paris sous le num\u00e9ro : 93137916800012<\/p><p class=\"p3\">Num\u00e9ro de TVA intracommunautaire : FR39931379168<\/p><p class=\"p3\">Email : contact@gentleman-excellence.com<\/p><p class=\"p3\">Directeur de la publication : Oksana Tkalenko<\/p><p class=\"p1\">\u00a0<\/p><h2><b>2. H\u00e9bergement<\/b><\/h2><p class=\"p3\">Le site est h\u00e9berg\u00e9 par :<\/p><p class=\"p4\"><b>OVH<\/b><b><\/b><\/p><p class=\"p3\">Adresse : OVH SAS, Service Clients 2 Rue Kellermann 59100 Roubaix<\/p><p class=\"p3\">T\u00e9l\u00e9phone : 1007<\/p><p class=\"p3\">Site web : https:\/\/www.ovhcloud.com\/fr\/<\/p><p class=\"p1\">\u00a0<\/p><h2><b>3. Propri\u00e9t\u00e9 intellectuelle<\/b><\/h2><p class=\"p3\">L\u2019ensemble du contenu pr\u00e9sent sur le site (textes, images, graphismes, logo, vid\u00e9os, \u00e9l\u00e9ments visuels, design, structure) est prot\u00e9g\u00e9 par le droit d\u2019auteur et le droit de la propri\u00e9t\u00e9 intellectuelle.<\/p><p class=\"p3\">Toute reproduction, modification ou exploitation sans autorisation \u00e9crite pr\u00e9alable est strictement interdite.<\/p><p>\u00a0<\/p><h2><b>4. Responsabilit\u00e9<\/b><\/h2><p class=\"p3\">L\u2019\u00e9diteur du site s\u2019efforce d\u2019assurer l\u2019exactitude des informations diffus\u00e9es. Toutefois, il ne peut \u00eatre tenu responsable des omissions, inexactitudes ou carences dans la mise \u00e0 jour.<\/p><p class=\"p3\">L\u2019utilisateur reste responsable de l\u2019utilisation qu\u2019il fait du site.<\/p><p class=\"p1\">\u00a0<\/p><h2><b>5. Donn\u00e9es personnelles<\/b><\/h2><p class=\"p3\">Les informations relatives \u00e0 la collecte et au traitement des donn\u00e9es personnelles sont d\u00e9taill\u00e9es dans la <span class=\"s2\"><b>Politique de confidentialit\u00e9<\/b><\/span> accessible sur le site.<\/p><p class=\"p1\">\u00a0<\/p><h2><b>6. Cookies<\/b><\/h2><p class=\"p3\">Le site peut utiliser des cookies \u00e0 des fins statistiques, techniques et d\u2019am\u00e9lioration de l\u2019exp\u00e9rience utilisateur.<\/p><p class=\"p3\">L\u2019utilisateur peut modifier ses pr\u00e9f\u00e9rences via le bandeau pr\u00e9vu \u00e0 cet effet.<\/p><p class=\"p1\">\u00a0<\/p><h2><b>7. Droit applicable<\/b><\/h2><p class=\"p3\">Le pr\u00e9sent site est soumis au droit fran\u00e7ais.<\/p><p class=\"p3\">En cas de litige, les tribunaux fran\u00e7ais seront seuls comp\u00e9tents.<\/p><p><!-- \/wp:paragraph --><\/p>\t\t\t\t\t\t\t\t<\/div>\n\t\t\t\t\t<\/div>\n\t\t\t\t<\/div>\n\t\t\t\t<\/div>\n\t\t","protected":false},"excerpt":{"rendered":"<p>Mentions l\u00e9gales 1. \u00c9diteur du site Le pr\u00e9sent site est \u00e9dit\u00e9 par : Gentleman Excellence Forme juridique : SARL Gentleman Excellence Capital social : 10 000\u20ac Si\u00e8ge social : 58 AVENUE THEOPHILE GAUTIER, 75016 PARIS Immatricul\u00e9e au RCS de Paris sous le num\u00e9ro : 93137916800012 Num\u00e9ro de TVA intracommunautaire : FR39931379168 Email : contact@gentleman-excellence.com Directeur de la publication : Oksana Tkalenko \u00a0 2. H\u00e9bergement Le site est h\u00e9berg\u00e9 par : OVH Adresse : OVH SAS, Service Clients 2 Rue Kellermann 59100 Roubaix T\u00e9l\u00e9phone : 1007 Site web : https:\/\/www.ovhcloud.com\/fr\/ \u00a0 3. Propri\u00e9t\u00e9 intellectuelle L\u2019ensemble du contenu pr\u00e9sent sur le site (textes, images, graphismes, logo, vid\u00e9os, \u00e9l\u00e9ments visuels, design, structure) est prot\u00e9g\u00e9 par le droit d\u2019auteur et le droit de la propri\u00e9t\u00e9 intellectuelle. Toute reproduction, modification ou exploitation sans autorisation \u00e9crite pr\u00e9alable est strictement interdite. \u00a0 4. Responsabilit\u00e9 L\u2019\u00e9diteur du site s\u2019efforce d\u2019assurer l\u2019exactitude des informations diffus\u00e9es. Toutefois, il ne peut \u00eatre tenu responsable des omissions, inexactitudes ou carences dans la mise \u00e0 jour. L\u2019utilisateur reste responsable de l\u2019utilisation qu\u2019il fait du site. \u00a0 5. Donn\u00e9es personnelles Les informations relatives \u00e0 la collecte et au traitement des donn\u00e9es personnelles sont d\u00e9taill\u00e9es dans la Politique de confidentialit\u00e9 accessible sur le site. \u00a0 6. Cookies Le site peut utiliser des cookies \u00e0 des fins statistiques, techniques et d\u2019am\u00e9lioration de l\u2019exp\u00e9rience utilisateur. L\u2019utilisateur peut modifier ses pr\u00e9f\u00e9rences via le bandeau pr\u00e9vu \u00e0 cet effet. \u00a0 7. Droit applicable Le pr\u00e9sent site est soumis au droit fran\u00e7ais. En cas de litige, les tribunaux fran\u00e7ais seront seuls comp\u00e9tents.<\/p>\n","protected":false},"author":1,"featured_media":0,"parent":0,"menu_order":0,"comment_status":"closed","ping_status":"closed","template":"","meta":{"footnotes":""},"class_list":["post-214","page","type-page","status-publish","hentry"],"_links":{"self":[{"href":"https:\/\/gentleman-excellence.com\/index.php\/wp-json\/wp\/v2\/pages\/214","targetHints":{"allow":["GET"]}}],"collection":[{"href":"https:\/\/gentleman-excellence.com\/index.php\/wp-json\/wp\/v2\/pages"}],"about":[{"href":"https:\/\/gentleman-excellence.com\/index.php\/wp-json\/wp\/v2\/types\/page"}],"author":[{"embeddable":true,"href":"https:\/\/gentleman-excellence.com\/index.php\/wp-json\/wp\/v2\/users\/1"}],"replies":[{"embeddable":true,"href":"https:\/\/gentleman-excellence.com\/index.php\/wp-json\/wp\/v2\/comments?post=214"}],"version-history":[{"count":4,"href":"https:\/\/gentleman-excellence.com\/index.php\/wp-json\/wp\/v2\/pages\/214\/revisions"}],"predecessor-version":[{"id":218,"href":"https:\/\/gentleman-excellence.com\/index.php\/wp-json\/wp\/v2\/pages\/214\/revisions\/218"}],"wp:attachment":[{"href":"https:\/\/gentleman-excellence.com\/index.php\/wp-json\/wp\/v2\/media?parent=214"}],"curies":[{"name":"wp","href":"https:\/\/api.w.org\/{rel}","templated":true}]}}